{"id":508,"date":"2024-06-01T21:23:18","date_gmt":"2024-06-01T21:23:18","guid":{"rendered":"https:\/\/marrakechdreamstravel.com\/es\/?page_id=508"},"modified":"2024-06-01T21:24:23","modified_gmt":"2024-06-01T21:24:23","slug":"blog","status":"publish","type":"page","link":"https:\/\/marrakechdreamstravel.com\/es\/blog\/","title":{"rendered":"Blog"},"content":{"rendered":"\n<h2 class=\"wp-block-heading\">5 ideas de viajes rom\u00e1nticos en Marruecos<\/h2>\n\n\n\n<p>Blog de Viajes por Marruecos: Marruecos Blog: Elegir un destino para un viaje rom\u00e1ntico a <a href=\"https:\/\/marrakechdreamstravel.com\/es\/\">Marruecos<\/a> puede resultar dif\u00edcil ante la gran cantidad de opciones disponibles. Es a\u00fan m\u00e1s complicado cuando hay romance en el aire. Elegir un destino que ofrezca la combinaci\u00f3n perfecta de belleza y lugares de inter\u00e9s suele ser un quebradero de cabeza para unas vacaciones rom\u00e1nticas. Hay pocos pa\u00edses donde se pueda hacer una escapada rom\u00e1ntica como en Marruecos. Muchas personas, incluso parejas, consideran que un paisaje espectacular es suficientemente rom\u00e1ntico.<\/p>\n\n\n\n<h3 class=\"wp-block-heading\">S\u00f3lo una idea de los viajes rom\u00e1nticos que ofrece Marruecos:<\/h3>\n\n\n\n<p>Monta\u00f1as, desiertos y paisajes incre\u00edbles. Para las parejas que prefieren una ciudad bulliciosa con multitud de cosas que ver y hacer, Marruecos seguir\u00e1 siendo su \u00abzapato vair\u00bb.<br>Para las parejas en busca de emoci\u00f3n urbana, Marrakech y Fez son excelentes opciones. Las monta\u00f1as del Atlas est\u00e1n a apenas una hora en coche de Marrakech. Las parejas pueden escapar de la escena urbana para disfrutar de paisajes naturales, incluidos los deslumbrantes parajes de la costa atl\u00e1ntica como Essaouira, Oualidia o Agadir.<\/p>\n\n\n\n<h3 class=\"wp-block-heading\">El desierto del S\u00e1hara marroqu\u00ed<\/h3>\n\n\n\n<p>La tranquilidad caracter\u00edstica del desierto del S\u00e1hara lo convierte a menudo en un destino m\u00e1s atractivo para una escapada rom\u00e1ntica. Las parejas pueden alojarse en un campamento en medio del desierto para disfrutar de una estancia relajante en la tranquilidad y bajo el cielo estrellado de la noche. Los campamentos en el desierto est\u00e1n dise\u00f1ados para los momentos rom\u00e1nticos; cualquier distracci\u00f3n de la electricidad se elimina con gusto. La luz el\u00e9ctrica se sustituye por la tenue luz de las velas y la puesta de sol. La ausencia de electricidad y sus distracciones tambi\u00e9n significa que no hay Wifi ni acceso a Internet. Esto garantiza una escapada de luna de miel.<\/p>\n\n\n\n<h3 class=\"wp-block-heading\">Marrakech, Marruecos<\/h3>\n\n\n\n<p>Conocida popularmente como la ciudad de las 1001 noches, Marrakech se ilumina para dar rienda suelta al romanticismo. Hay muchos escenarios rom\u00e1nticos en la ciudad, como callejuelas misteriosas para pasear, mercados intrigantes para admirar y comprar, y plazas opulentas y llenas de vida como la Place des Epices o la famosa plaza Jemaa el Fna. Todo ello hace de la ciudad una joya para contemplar de d\u00eda y de noche. Las cenas rom\u00e1nticas tambi\u00e9n ofrecen a las parejas la oportunidad de descubrir nuevas y deliciosas recetas juntos, ya que una buena comida siempre favorece un buen momento rom\u00e1ntico. Puede completar cualquier jornada rom\u00e1ntica aloj\u00e1ndose en uno de los palacios hist\u00f3ricos o de los modernos riads de Marrakech.<\/p>\n\n\n\n<h3 class=\"wp-block-heading\">Chefchaouen, la ciudad azul de Marruecos<\/h3>\n\n\n\n<p>Marruecos tour Blog: El encanto de este pueblo empieza por su entorno natural y su tem\u00e1tica azul. Todos los edificios de esta antigua medina est\u00e1n pintados de azul. Si a esto le a\u00f1adimos las monta\u00f1as del Rif que se ciernen en el horizonte, cada recodo de la carretera se convierte en m\u00e1gico. Por la noche refresca, y calentarse alrededor de una chimenea de le\u00f1a en un riad pondr\u00e1 el broche de oro a la jornada.<\/p>\n\n\n\n<h3 class=\"wp-block-heading\">El Atlas marroqu\u00ed<\/h3>\n\n\n\n<p>Blog de Viajes por Marruecos: Peque\u00f1os pero bonitos pueblos <a href=\"https:\/\/es.wikipedia.org\/wiki\/Bereberes\">bereberes<\/a> se alinean en la ladera de la monta\u00f1a, dominada por las cumbres nevadas del Atlas, que ofrecen magn\u00edficas vistas. Hay pocos panoramas tan rom\u00e1nticos como el Atlas y los peque\u00f1os pueblos bereberes de Marruecos. A las parejas que disfrutan del aire libre les encantar\u00e1 pasear a primera hora de la ma\u00f1ana por estos grandiosos senderos. Un picnic por el camino es siempre una buena idea, y quiz\u00e1s un t\u00e9 a la menta para coronar sus esfuerzos una vez terminada la caminata.<\/p>\n","protected":false},"excerpt":{"rendered":"<p>5 ideas de viajes rom\u00e1nticos en Marruecos Blog de Viajes por Marruecos: Marruecos Blog: Elegir un destino para un viaje rom\u00e1ntico a Marruecos puede resultar dif\u00edcil ante la gran cantidad de opciones disponibles. Es a\u00fan m\u00e1s complicado cuando hay romance &hellip; <a href=\"https:\/\/marrakechdreamstravel.com\/es\/blog\/\">Read More<\/a><\/p>\n","protected":false},"author":1,"featured_media":0,"parent":0,"menu_order":0,"comment_status":"closed","ping_status":"closed","template":"","meta":{"footnotes":""},"class_list":["post-508","page","type-page","status-publish","hentry"],"yoast_head":"<!-- This site is optimized with the Yoast SEO plugin v27.4 - https:\/\/yoast.com\/product\/yoast-seo-wordpress\/ -->\n<title>Blog de Viajes por Marruecos<\/title>\n<meta name=\"description\" content=\"Blog de Viajes por Marruecos, Hay pocos pa\u00edses donde se pueda hacer una escapada rom\u00e1ntica como en Marruecos. viajes por marruecos.\" \/>\n<meta name=\"robots\" content=\"index, follow, max-snippet:-1, max-image-preview:large, max-video-preview:-1\" \/>\n<link rel=\"canonical\" href=\"https:\/\/marrakechdreamstravel.com\/es\/blog\/\" \/>\n<meta property=\"og:locale\" content=\"en_US\" \/>\n<meta property=\"og:type\" content=\"article\" \/>\n<meta property=\"og:title\" content=\"Blog de Viajes por Marruecos\" \/>\n<meta property=\"og:description\" content=\"Blog de Viajes por Marruecos, Hay pocos pa\u00edses donde se pueda hacer una escapada rom\u00e1ntica como en Marruecos. viajes por marruecos.\" \/>\n<meta property=\"og:url\" content=\"https:\/\/marrakechdreamstravel.com\/es\/blog\/\" \/>\n<meta property=\"og:site_name\" content=\"Marrakech Dreams Travel\" \/>\n<meta property=\"article:modified_time\" content=\"2024-06-01T21:24:23+00:00\" \/>\n<meta name=\"twitter:card\" content=\"summary_large_image\" \/>\n<meta name=\"twitter:label1\" content=\"Est. reading time\" \/>\n\t<meta name=\"twitter:data1\" content=\"3 minutes\" \/>\n<script type=\"application\/ld+json\" class=\"yoast-schema-graph\">{\"@context\":\"https:\\\/\\\/schema.org\",\"@graph\":[{\"@type\":\"WebPage\",\"@id\":\"https:\\\/\\\/marrakechdreamstravel.com\\\/es\\\/blog\\\/\",\"url\":\"https:\\\/\\\/marrakechdreamstravel.com\\\/es\\\/blog\\\/\",\"name\":\"Blog de Viajes por Marruecos\",\"isPartOf\":{\"@id\":\"https:\\\/\\\/marrakechdreamstravel.com\\\/es\\\/#website\"},\"datePublished\":\"2024-06-01T21:23:18+00:00\",\"dateModified\":\"2024-06-01T21:24:23+00:00\",\"description\":\"Blog de Viajes por Marruecos, Hay pocos pa\u00edses donde se pueda hacer una escapada rom\u00e1ntica como en Marruecos. viajes por marruecos.\",\"breadcrumb\":{\"@id\":\"https:\\\/\\\/marrakechdreamstravel.com\\\/es\\\/blog\\\/#breadcrumb\"},\"inLanguage\":\"en-US\",\"potentialAction\":[{\"@type\":\"ReadAction\",\"target\":[\"https:\\\/\\\/marrakechdreamstravel.com\\\/es\\\/blog\\\/\"]}]},{\"@type\":\"BreadcrumbList\",\"@id\":\"https:\\\/\\\/marrakechdreamstravel.com\\\/es\\\/blog\\\/#breadcrumb\",\"itemListElement\":[{\"@type\":\"ListItem\",\"position\":1,\"name\":\"Home\",\"item\":\"https:\\\/\\\/marrakechdreamstravel.com\\\/es\\\/\"},{\"@type\":\"ListItem\",\"position\":2,\"name\":\"Blog\"}]},{\"@type\":\"WebSite\",\"@id\":\"https:\\\/\\\/marrakechdreamstravel.com\\\/es\\\/#website\",\"url\":\"https:\\\/\\\/marrakechdreamstravel.com\\\/es\\\/\",\"name\":\"Marrakech Dreams Travel\",\"description\":\"Viajes a Marruecos\",\"potentialAction\":[{\"@type\":\"SearchAction\",\"target\":{\"@type\":\"EntryPoint\",\"urlTemplate\":\"https:\\\/\\\/marrakechdreamstravel.com\\\/es\\\/?s={search_term_string}\"},\"query-input\":{\"@type\":\"PropertyValueSpecification\",\"valueRequired\":true,\"valueName\":\"search_term_string\"}}],\"inLanguage\":\"en-US\"}]}<\/script>\n<!-- \/ Yoast SEO plugin. -->","yoast_head_json":{"title":"Blog de Viajes por Marruecos","description":"Blog de Viajes por Marruecos, Hay pocos pa\u00edses donde se pueda hacer una escapada rom\u00e1ntica como en Marruecos. viajes por marruecos.","robots":{"index":"index","follow":"follow","max-snippet":"max-snippet:-1","max-image-preview":"max-image-preview:large","max-video-preview":"max-video-preview:-1"},"canonical":"https:\/\/marrakechdreamstravel.com\/es\/blog\/","og_locale":"en_US","og_type":"article","og_title":"Blog de Viajes por Marruecos","og_description":"Blog de Viajes por Marruecos, Hay pocos pa\u00edses donde se pueda hacer una escapada rom\u00e1ntica como en Marruecos. viajes por marruecos.","og_url":"https:\/\/marrakechdreamstravel.com\/es\/blog\/","og_site_name":"Marrakech Dreams Travel","article_modified_time":"2024-06-01T21:24:23+00:00","twitter_card":"summary_large_image","twitter_misc":{"Est. reading time":"3 minutes"},"schema":{"@context":"https:\/\/schema.org","@graph":[{"@type":"WebPage","@id":"https:\/\/marrakechdreamstravel.com\/es\/blog\/","url":"https:\/\/marrakechdreamstravel.com\/es\/blog\/","name":"Blog de Viajes por Marruecos","isPartOf":{"@id":"https:\/\/marrakechdreamstravel.com\/es\/#website"},"datePublished":"2024-06-01T21:23:18+00:00","dateModified":"2024-06-01T21:24:23+00:00","description":"Blog de Viajes por Marruecos, Hay pocos pa\u00edses donde se pueda hacer una escapada rom\u00e1ntica como en Marruecos. viajes por marruecos.","breadcrumb":{"@id":"https:\/\/marrakechdreamstravel.com\/es\/blog\/#breadcrumb"},"inLanguage":"en-US","potentialAction":[{"@type":"ReadAction","target":["https:\/\/marrakechdreamstravel.com\/es\/blog\/"]}]},{"@type":"BreadcrumbList","@id":"https:\/\/marrakechdreamstravel.com\/es\/blog\/#breadcrumb","itemListElement":[{"@type":"ListItem","position":1,"name":"Home","item":"https:\/\/marrakechdreamstravel.com\/es\/"},{"@type":"ListItem","position":2,"name":"Blog"}]},{"@type":"WebSite","@id":"https:\/\/marrakechdreamstravel.com\/es\/#website","url":"https:\/\/marrakechdreamstravel.com\/es\/","name":"Marrakech Dreams Travel","description":"Viajes a Marruecos","potentialAction":[{"@type":"SearchAction","target":{"@type":"EntryPoint","urlTemplate":"https:\/\/marrakechdreamstravel.com\/es\/?s={search_term_string}"},"query-input":{"@type":"PropertyValueSpecification","valueRequired":true,"valueName":"search_term_string"}}],"inLanguage":"en-US"}]}},"_links":{"self":[{"href":"https:\/\/marrakechdreamstravel.com\/es\/wp-json\/wp\/v2\/pages\/508","targetHints":{"allow":["GET"]}}],"collection":[{"href":"https:\/\/marrakechdreamstravel.com\/es\/wp-json\/wp\/v2\/pages"}],"about":[{"href":"https:\/\/marrakechdreamstravel.com\/es\/wp-json\/wp\/v2\/types\/page"}],"author":[{"embeddable":true,"href":"https:\/\/marrakechdreamstravel.com\/es\/wp-json\/wp\/v2\/users\/1"}],"replies":[{"embeddable":true,"href":"https:\/\/marrakechdreamstravel.com\/es\/wp-json\/wp\/v2\/comments?post=508"}],"version-history":[{"count":2,"href":"https:\/\/marrakechdreamstravel.com\/es\/wp-json\/wp\/v2\/pages\/508\/revisions"}],"predecessor-version":[{"id":512,"href":"https:\/\/marrakechdreamstravel.com\/es\/wp-json\/wp\/v2\/pages\/508\/revisions\/512"}],"wp:attachment":[{"href":"https:\/\/marrakechdreamstravel.com\/es\/wp-json\/wp\/v2\/media?parent=508"}],"curies":[{"name":"wp","href":"https:\/\/api.w.org\/{rel}","templated":true}]}}